{"id":289,"date":"2013-08-09T13:16:21","date_gmt":"2013-08-09T13:16:21","guid":{"rendered":"http:\/\/www.dilui.com.br\/?post_type=product&#038;p=289"},"modified":"2019-05-07T15:13:07","modified_gmt":"2019-05-07T15:13:07","slug":"touca-descartavel-100unids","status":"publish","type":"product","link":"https:\/\/www.dilui.com.br\/?product=touca-descartavel-100unids","title":{"rendered":"Touca Descart\u00e1vel 100UNIDS"},"content":{"rendered":"<p><strong>APLICA\u00c7\u00d5ES<\/strong><\/p>\n<p>Gastronomia<br \/>\nRestaurantes | Confeitarias | Cozinhas Industriais | Buf\u00eas | Cong\u00eaneres<\/p>\n<p>Est\u00e9tica<br \/>\nInstitutos de Beleza | Cl\u00ednicas de Est\u00e9tica | Cong\u00eaneres<\/p>\n<p>Sa\u00fade<br \/>\nHospitais | Laborat\u00f3rios | Clinicas | Consult\u00f3rios | Dentistas | Farm\u00e1cias<\/p>\n<p>Industrial<br \/>\nQu\u00edmica | T\u00eaxtil | Cosm\u00e9tica | Procedimentos Industriais<\/p>\n<p><strong>Tamanho \u00danico<\/strong><\/p>\n","protected":false},"excerpt":{"rendered":"<p>As toucas de prote\u00e7\u00e3o capilar s\u00e3o utilizadas nas cozinhas industriais, panificadoras, ind\u00fastria de alimentos, refeit\u00f3rios e em toda \u00e1rea que necessite prote\u00e7\u00e3o dos cabelos.<br \/>\nA touca capilar evita que cabelos ca\u00edam no produto manuseado correndo o risco de contamina\u00e7\u00e3o.<\/p>\n","protected":false},"featured_media":116,"comment_status":"closed","ping_status":"closed","template":"","meta":{"kt_blocks_editor_width":""},"_links":{"self":[{"href":"https:\/\/www.dilui.com.br\/index.php?rest_route=\/wp\/v2\/product\/289"}],"collection":[{"href":"https:\/\/www.dilui.com.br\/index.php?rest_route=\/wp\/v2\/product"}],"about":[{"href":"https:\/\/www.dilui.com.br\/index.php?rest_route=\/wp\/v2\/types\/product"}],"replies":[{"embeddable":true,"href":"https:\/\/www.dilui.com.br\/index.php?rest_route=%2Fwp%2Fv2%2Fcomments&post=289"}],"wp:featuredmedia":[{"embeddable":true,"href":"https:\/\/www.dilui.com.br\/index.php?rest_route=\/wp\/v2\/media\/116"}],"wp:attachment":[{"href":"https:\/\/www.dilui.com.br\/index.php?rest_route=%2Fwp%2Fv2%2Fmedia&parent=289"}],"curies":[{"name":"wp","href":"https:\/\/api.w.org\/{rel}","templated":true}]}}