{"id":287,"date":"2013-08-09T13:07:42","date_gmt":"2013-08-09T13:07:42","guid":{"rendered":"http:\/\/www.dilui.com.br\/?post_type=product&#038;p=287"},"modified":"2019-05-07T15:13:25","modified_gmt":"2019-05-07T15:13:25","slug":"lencol-descartavel-rolo-50m","status":"publish","type":"product","link":"https:\/\/www.dilui.com.br\/?product=lencol-descartavel-rolo-50m","title":{"rendered":"Len\u00e7ol Descart\u00e1vel Rolo 50M"},"content":{"rendered":"<p>Rolo de Len\u00e7ol Descart\u00e1vel de Papel com 50m de comprimento e 0,70m de largura.<\/p>\n","protected":false},"excerpt":{"rendered":"<p>Rolo de Len\u00e7ol Descart\u00e1vel de Papel com 50m de comprimento e 0,70m de largura.<\/p>\n","protected":false},"featured_media":152,"comment_status":"closed","ping_status":"closed","template":"","meta":{"kt_blocks_editor_width":""},"_links":{"self":[{"href":"https:\/\/www.dilui.com.br\/index.php?rest_route=\/wp\/v2\/product\/287"}],"collection":[{"href":"https:\/\/www.dilui.com.br\/index.php?rest_route=\/wp\/v2\/product"}],"about":[{"href":"https:\/\/www.dilui.com.br\/index.php?rest_route=\/wp\/v2\/types\/product"}],"replies":[{"embeddable":true,"href":"https:\/\/www.dilui.com.br\/index.php?rest_route=%2Fwp%2Fv2%2Fcomments&post=287"}],"wp:featuredmedia":[{"embeddable":true,"href":"https:\/\/www.dilui.com.br\/index.php?rest_route=\/wp\/v2\/media\/152"}],"wp:attachment":[{"href":"https:\/\/www.dilui.com.br\/index.php?rest_route=%2Fwp%2Fv2%2Fmedia&parent=287"}],"curies":[{"name":"wp","href":"https:\/\/api.w.org\/{rel}","templated":true}]}}