{"id":286,"date":"2013-08-09T12:59:46","date_gmt":"2013-08-09T12:59:46","guid":{"rendered":"http:\/\/www.dilui.com.br\/?post_type=product&#038;p=286"},"modified":"2019-05-07T15:13:32","modified_gmt":"2019-05-07T15:13:32","slug":"avental-descartavel-c-10unids","status":"publish","type":"product","link":"https:\/\/www.dilui.com.br\/?product=avental-descartavel-c-10unids","title":{"rendered":"Avental Descart\u00e1vel c\/ 10UNIDS"},"content":{"rendered":"<p>Avental descart\u00e1vel manga longa confeccionado em TNT (polipropileno) aberto nas costas com tiras para amarrar na cintura e no pesco\u00e7o.<\/p>\n<p>Aventais dispon\u00edveis nas seguintes gramaturas e cor:<br \/>\nGramaturas 20.<br \/>\nCores: Branca<\/p>\n","protected":false},"excerpt":{"rendered":"<p>Avental descart\u00e1vel manga longa confeccionado em TNT (polipropileno) aberto nas costas com tiras para amarrar na cintura e no pesco\u00e7o. Aventais dispon\u00edveis nas seguintes gramaturas e cor: Gramaturas 20. Cores: Branca<\/p>\n","protected":false},"featured_media":151,"comment_status":"closed","ping_status":"closed","template":"","meta":{"kt_blocks_editor_width":""},"_links":{"self":[{"href":"https:\/\/www.dilui.com.br\/index.php?rest_route=\/wp\/v2\/product\/286"}],"collection":[{"href":"https:\/\/www.dilui.com.br\/index.php?rest_route=\/wp\/v2\/product"}],"about":[{"href":"https:\/\/www.dilui.com.br\/index.php?rest_route=\/wp\/v2\/types\/product"}],"replies":[{"embeddable":true,"href":"https:\/\/www.dilui.com.br\/index.php?rest_route=%2Fwp%2Fv2%2Fcomments&post=286"}],"wp:featuredmedia":[{"embeddable":true,"href":"https:\/\/www.dilui.com.br\/index.php?rest_route=\/wp\/v2\/media\/151"}],"wp:attachment":[{"href":"https:\/\/www.dilui.com.br\/index.php?rest_route=%2Fwp%2Fv2%2Fmedia&parent=286"}],"curies":[{"name":"wp","href":"https:\/\/api.w.org\/{rel}","templated":true}]}}