{"id":278,"date":"2013-08-09T04:47:30","date_gmt":"2013-08-09T04:47:30","guid":{"rendered":"http:\/\/www.dilui.com.br\/?post_type=product&#038;p=278"},"modified":"2019-05-07T15:13:59","modified_gmt":"2019-05-07T15:13:59","slug":"almotolia-250ml-10unids","status":"publish","type":"product","link":"https:\/\/www.dilui.com.br\/?product=almotolia-250ml-10unids","title":{"rendered":"Almotolia 250ML &#8211; 10UNIDS"},"content":{"rendered":"<p>Almotolia em pl\u00e1stico resistente com tampa para armazenamento e aplica\u00e7\u00e3o de medicamentos, soro, \u00e1lcool, dentre outros.<\/p>\n","protected":false},"excerpt":{"rendered":"<p>Almotolia em pl\u00e1stico resistente com tampa para armazenamento e aplica\u00e7\u00e3o de medicamentos, soro, \u00e1lcool, dentre outros.<\/p>\n","protected":false},"featured_media":146,"comment_status":"closed","ping_status":"closed","template":"","meta":{"kt_blocks_editor_width":""},"_links":{"self":[{"href":"https:\/\/www.dilui.com.br\/index.php?rest_route=\/wp\/v2\/product\/278"}],"collection":[{"href":"https:\/\/www.dilui.com.br\/index.php?rest_route=\/wp\/v2\/product"}],"about":[{"href":"https:\/\/www.dilui.com.br\/index.php?rest_route=\/wp\/v2\/types\/product"}],"replies":[{"embeddable":true,"href":"https:\/\/www.dilui.com.br\/index.php?rest_route=%2Fwp%2Fv2%2Fcomments&post=278"}],"wp:featuredmedia":[{"embeddable":true,"href":"https:\/\/www.dilui.com.br\/index.php?rest_route=\/wp\/v2\/media\/146"}],"wp:attachment":[{"href":"https:\/\/www.dilui.com.br\/index.php?rest_route=%2Fwp%2Fv2%2Fmedia&parent=278"}],"curies":[{"name":"wp","href":"https:\/\/api.w.org\/{rel}","templated":true}]}}