{"id":2,"date":"2013-08-06T14:00:12","date_gmt":"2013-08-06T14:00:12","guid":{"rendered":"http:\/\/www.dilui.com.br\/?page_id=2"},"modified":"2021-09-14T10:41:25","modified_gmt":"2021-09-14T10:41:25","slug":"quem-somos","status":"publish","type":"page","link":"https:\/\/www.dilui.com.br\/?page_id=2","title":{"rendered":"Quem Somos"},"content":{"rendered":"<p>A Dilui atua no mercado com uma completa linha de produtos aprovados pelos minist\u00e9rios da sa\u00fade e da agricultura.<\/p>\n<p>Nossos produtos s\u00e3o de alt\u00edssima qualidade e est\u00e3o voltados para a sanitiza\u00e7\u00e3o, higieniza\u00e7\u00e3o de ambientes, produtos descart\u00e1veis e suprimentos diversos para atender \u00e0s suas necessidades.<\/p>\n<p>Toda a gest\u00e3o de neg\u00f3cios segue o conceito de Gerenciamento pela Qualidade Total, por meio de estrat\u00e9gias e diretrizes que s\u00e3o seguidas a fim de agregar valores \u00e0\u00a0 cadeia de produ\u00e7\u00e3o.<\/p>\n<p>Al\u00e9m de investimentos em tecnologia e recursos humanos, nossos fabricantes investem tamb\u00e9m em a\u00e7\u00f5es em prol do meio ambiente. S\u00e3o a\u00e7\u00f5es que buscam a sustentabilidade do planeta, garantindo a preserva\u00e7\u00e3o de recursos naturais.<\/p>\n<p>Assim, al\u00e9m de garantir a qualidade dos produtos, garantimos ainda mais qualidade de vida para as pr\u00f3ximas gera\u00e7\u00f5es.<\/p>\n<p>CONTATO:<\/p>\n<p>Te\u00f3filo Otoni<br \/>\nTel.: (33) 3522-4161<br \/>\nTel.: (33) 99902-4489 <a href=\"https:\/\/api.whatsapp.com\/send?phone=5533999024489\" target=\"_blank\" rel=\"noopener\"><img decoding=\"async\" src=\"\/wp-content\/themes\/pinnacle\/WhatsApp_Icon.png\" \/><\/a><br \/>\nEnd. Av. Luiz Boali Porto Salman, 1062, Centro<br \/>\nTe\u00f3filo Otoni \/ MG &#8211; CEP: 39802-000<br \/>\ncontato@dilui.com.br<\/p>\n","protected":false},"excerpt":{"rendered":"<p>A Dilui atua no mercado com uma completa linha de produtos aprovados pelos minist\u00e9rios da sa\u00fade e da agricultura. Nossos produtos s\u00e3o de alt\u00edssima qualidade e est\u00e3o voltados para a sanitiza\u00e7\u00e3o, higieniza\u00e7\u00e3o de ambientes, produtos descart\u00e1veis e suprimentos diversos para &hellip; <a href=\"https:\/\/www.dilui.com.br\/?page_id=2\">leia mais<\/a><\/p>\n","protected":false},"author":1,"featured_media":0,"parent":0,"menu_order":0,"comment_status":"closed","ping_status":"closed","template":"","meta":{"kt_blocks_editor_width":"","footnotes":""},"_links":{"self":[{"href":"https:\/\/www.dilui.com.br\/index.php?rest_route=\/wp\/v2\/pages\/2"}],"collection":[{"href":"https:\/\/www.dilui.com.br\/index.php?rest_route=\/wp\/v2\/pages"}],"about":[{"href":"https:\/\/www.dilui.com.br\/index.php?rest_route=\/wp\/v2\/types\/page"}],"author":[{"embeddable":true,"href":"https:\/\/www.dilui.com.br\/index.php?rest_route=\/wp\/v2\/users\/1"}],"replies":[{"embeddable":true,"href":"https:\/\/www.dilui.com.br\/index.php?rest_route=%2Fwp%2Fv2%2Fcomments&post=2"}],"version-history":[{"count":19,"href":"https:\/\/www.dilui.com.br\/index.php?rest_route=\/wp\/v2\/pages\/2\/revisions"}],"predecessor-version":[{"id":820,"href":"https:\/\/www.dilui.com.br\/index.php?rest_route=\/wp\/v2\/pages\/2\/revisions\/820"}],"wp:attachment":[{"href":"https:\/\/www.dilui.com.br\/index.php?rest_route=%2Fwp%2Fv2%2Fmedia&parent=2"}],"curies":[{"name":"wp","href":"https:\/\/api.w.org\/{rel}","templated":true}]}}